{"id":4667,"date":"2019-10-30T21:50:01","date_gmt":"2019-10-30T20:50:01","guid":{"rendered":"http:\/\/whataboutthecustomer.com\/?page_id=4667"},"modified":"2019-12-18T12:58:11","modified_gmt":"2019-12-18T11:58:11","slug":"watc-team","status":"publish","type":"page","link":"https:\/\/whataboutthecustomer.com\/de\/watc-team\/","title":{"rendered":"WATC Team"},"content":{"rendered":"\t\t<div data-elementor-type=\"wp-page\" data-elementor-id=\"4667\" class=\"elementor elementor-4667 elementor-42\">\n\t\t\t\t\t\t<section class=\"elementor-section elementor-top-section elementor-element elementor-element-99d7e7b elementor-section-boxed elementor-section-height-default elementor-section-height-default\" data-id=\"99d7e7b\" data-element_type=\"section\">\n\t\t\t\t\t\t<div class=\"elementor-container elementor-column-gap-default\">\n\t\t\t\t\t<div class=\"elementor-column elementor-col-100 elementor-top-column elementor-element elementor-element-0428950\" data-id=\"0428950\" data-element_type=\"column\">\n\t\t\t<div class=\"elementor-widget-wrap elementor-element-populated\">\n\t\t\t\t\t\t<div class=\"elementor-element elementor-element-40733bb elementor-widget elementor-widget-text-editor\" data-id=\"40733bb\" data-element_type=\"widget\" data-widget_type=\"text-editor.default\">\n\t\t\t\t<div class=\"elementor-widget-container\">\n\t\t\t\t\t\t\t<p>WATC ist die f\u00fchrende Beratung in Europa zum Thema Kundenorientierung. Wir definieren uns nicht \u00fcber unsere eigene Gr\u00f6sse, sondern \u00fcber unser umfassendes Netzwerk und die Beziehung zu unseren Klienten. Die Fragestellungen werden immer komplexer und deshalb wollen wir die m\u00f6glichst optimale L\u00f6sung anbieten und dabei unabh\u00e4ngig beraten. Seit 2004 unterst\u00fctzen die Mitarbeiter von WATC\u00a0 erfolgreich unsere Klienten zu diesem Thema. Der Mensch steht dabei f\u00fcr uns immer im Fokus.\u00a0 Die Zusammenarbeit mit unseren Klienten gestalten wir immer eng und vertrauensvoll. Wir verstehen uns nicht als &#8220;Besserwisser&#8221;, sondern als Diskussionspartner f\u00fcr komplexe Herausforderungen und als Macher, wenn wir bei der Umsetzung unterst\u00fctzen sollen.\u00a0<\/p><p>Unsere Empfehlungen basieren auf den neusten Erkenntnissen und Methoden. Dabei bieten wir einen unaufgeregten Blick in m\u00f6gliche Zukunftsszenarien. F\u00fcr uns stehen nicht Schlagw\u00f6rter wie Digitalisierung, New Work oder Blockchain im Zentrum unserer Arbeit, sondern nur die Kunden unserer Klienten und wie diese begeistert werden k\u00f6nnen.\u00a0<\/p><p>Wir\u00a0 bieten eine optimale Mischung aus rationaler Analyse und kreativen L\u00f6sungsans\u00e4tzen. Zahlen und vor allem der finanzielle Mehrwert unserer Klienten steht dabei immer im Fokus unserer Empfehlungen. Da unsere Klienten zunehmend auch technische Fragestellungen haben, arbeiten wir mit einem internationalen Netzwerk an Software- und Implementierungspartnern zusammen. Es gilt, gemeinsam einen Impact zu erzielen.\u00a0<\/p><p>Gerne stellen wir Ihnen uns und unser Angebot in einem unverbindlichen Gespr\u00e4ch vor und besprechen m\u00f6gliche Chancen und Optimierungspotentiale.\u00a0<\/p>\t\t\t\t\t\t<\/div>\n\t\t\t\t<\/div>\n\t\t\t\t\t<\/div>\n\t\t<\/div>\n\t\t\t\t\t<\/div>\n\t\t<\/section>\n\t\t\t\t<section class=\"elementor-section elementor-top-section elementor-element elementor-element-43738af elementor-section-boxed elementor-section-height-default elementor-section-height-default\" data-id=\"43738af\" data-element_type=\"section\">\n\t\t\t\t\t\t<div class=\"elementor-container elementor-column-gap-default\">\n\t\t\t\t\t<div class=\"elementor-column elementor-col-100 elementor-top-column elementor-element elementor-element-d058dbd\" data-id=\"d058dbd\" data-element_type=\"column\">\n\t\t\t<div class=\"elementor-widget-wrap elementor-element-populated\">\n\t\t\t\t\t\t<div class=\"elementor-element elementor-element-a166426 elementor-widget elementor-widget-shortcode\" data-id=\"a166426\" data-element_type=\"widget\" data-widget_type=\"shortcode.default\">\n\t\t\t\t<div class=\"elementor-widget-container\">\n\t\t\t\t\t<div class=\"elementor-shortcode\"><div class=\"tmm tmm_team-watc\"><div class=\"tmm_2_columns tmm_wrap tmm_theme_f\"><span class=\"tmm_two_containers_tablet\"><\/span><div class=\"tmm_container\"><div class=\"tmm_member\" style=\"border-top:#e44100 solid 5px;\"><div class=\"tmm_photo tmm_pic_team-watc_0\" style=\"background: url(http:\/\/whataboutthecustomer.com\/wp-content\/uploads\/2018\/09\/Jan-Nyholm.jpg); margin-left: auto; margin-right:auto; background-size:cover !important;\"><\/div><div class=\"tmm_textblock\"><div class=\"tmm_names\"><span class=\"tmm_fname\">Jan<\/span> <span class=\"tmm_lname\">Nyholm<\/span><\/div><div class=\"tmm_desc\" style=\"text-align:center\"><b>Jan Nyholm ist der erfahrene Leadership-Coach f\u00fcr Kundenorientierung.<\/b>\r\n<br>\r\n<br>\r\nJan Nyholm ist Mitgr\u00fcnder von WATC und der Vorsitzende des Verwaltungsrates. Er arbeitete in Top-Management-Positionen f\u00fcr f\u00fchrende Finanzunternehmen und hat einen MBA von der Columbia University.\r\n<br>\r\n<br>\r\nJan Nyholm hat mehrere Unternehmen erfolgreich gegr\u00fcndet und dabei immer mit einem stark kundenorientierten Mindset gearbeitet. Er hat einen breit gef\u00e4cherten Erfahrungsschatz im Coaching leitender Angestellter. Er arbeitet weltweit an der Umwandlung grosser wie kleiner Unternehmen in kundenorientierte Organisationen.<\/div><div class=\"tmm_scblock\"><a target=\"_blank\" class=\"tmm_sociallink\" href=\"https:\/\/www.linkedin.com\/company\/watc-consulting-ag\" title=\"Follow us on LinkedIn!\"><img decoding=\"async\" alt=\"Follow us on LinkedIn!\" src=\"https:\/\/whataboutthecustomer.com\/wp-content\/plugins\/team-members\/inc\/img\/links\/linkedin.png\"\/><\/a><a class=\"tmm_sociallink\" href=\"mailto:info@whataboutthecustomer.com\" title=\"\"><img decoding=\"async\" alt=\"\" src=\"https:\/\/whataboutthecustomer.com\/wp-content\/plugins\/team-members\/inc\/img\/links\/email.png\"\/><\/a><\/div><\/div><\/div><div class=\"tmm_member\" style=\"border-top:#e44100 solid 5px;\"><div class=\"tmm_photo tmm_pic_team-watc_1\" style=\"background: url(http:\/\/whataboutthecustomer.com\/wp-content\/uploads\/2017\/08\/170810_FOTO_Patrick-rechts_Quadrat_2.jpg); margin-left: auto; margin-right:auto; background-size:cover !important;\"><\/div><div class=\"tmm_textblock\"><div class=\"tmm_names\"><span class=\"tmm_fname\">Patrick<\/span> <span class=\"tmm_lname\">Koller<\/span><\/div><div class=\"tmm_desc\" style=\"text-align:center\"><b>Patrick E. Koller entwickelt L\u00f6sungen, welche die Profitabilit\u00e4t Ihres Unternehmens verbessern.<\/b>\r\n<br>\r\n<br>\r\nPatrick Koller ist Mitbegr\u00fcnder von WATC und gesch\u00e4ftsf\u00fchrender Teilhaber. Er arbeitete als Marketing- und Salesmanager f\u00fcr Luxus- und Konsumg\u00fcter und in internationalen Consulting-Unternehmen. Er hat einen MBA von INSEAD.\r\n<br>\r\n<br>\r\nPatrick Koller reduziert Komplexit\u00e4t und schafft Transparenz f\u00fcr unsere Klienten, indem er einzigartige und praktische Management-Frameworks entwirft. Er ist ein Experte in Bewertungsmethoden und Dozent f\u00fcr Change Management und Leadership.<\/div><div class=\"tmm_scblock\"><a target=\"_blank\" class=\"tmm_sociallink\" href=\"https:\/\/www.linkedin.com\/company\/watc-consulting-ag\" title=\"Follow us on LinkedIn!\"><img decoding=\"async\" alt=\"Follow us on LinkedIn!\" src=\"https:\/\/whataboutthecustomer.com\/wp-content\/plugins\/team-members\/inc\/img\/links\/linkedin.png\"\/><\/a><a class=\"tmm_sociallink\" href=\"mailto:info@whataboutthecustomer.com\" title=\"\"><img decoding=\"async\" alt=\"\" src=\"https:\/\/whataboutthecustomer.com\/wp-content\/plugins\/team-members\/inc\/img\/links\/email.png\"\/><\/a><\/div><\/div><\/div><div style=\"clear:both;\"><\/div><\/div><\/div><\/div><\/div>\n\t\t\t\t<\/div>\n\t\t\t\t<\/div>\n\t\t\t\t\t<\/div>\n\t\t<\/div>\n\t\t\t\t\t<\/div>\n\t\t<\/section>\n\t\t\t\t<section class=\"elementor-section elementor-top-section elementor-element elementor-element-7c4f557 elementor-section-boxed elementor-section-height-default elementor-section-height-default\" data-id=\"7c4f557\" data-element_type=\"section\">\n\t\t\t\t\t\t<div class=\"elementor-container elementor-column-gap-default\">\n\t\t\t\t\t<div class=\"elementor-column elementor-col-100 elementor-top-column elementor-element elementor-element-9bb30b0\" data-id=\"9bb30b0\" data-element_type=\"column\">\n\t\t\t<div class=\"elementor-widget-wrap\">\n\t\t\t\t\t\t\t<\/div>\n\t\t<\/div>\n\t\t\t\t\t<\/div>\n\t\t<\/section>\n\t\t\t\t<\/div>\n\t\t","protected":false},"excerpt":{"rendered":"<p>WATC ist die f\u00fchrende Beratung in Europa zum Thema Kundenorientierung. Wir definieren uns nicht \u00fcber unsere eigene Gr\u00f6sse, sondern \u00fcber unser umfassendes Netzwerk und die Beziehung zu unseren Klienten. Die Fragestellungen werden immer komplexer und deshalb wollen wir die m\u00f6glichst optimale L\u00f6sung anbieten und dabei unabh\u00e4ngig beraten. Seit 2004 unterst\u00fctzt das WATC Team seine Klienten [&hellip;]<\/p>\n","protected":false},"author":1,"featured_media":0,"parent":0,"menu_order":0,"comment_status":"closed","ping_status":"closed","template":"","meta":{"footnotes":""},"yoast_head":"<!-- This site is optimized with the Yoast SEO plugin v22.4 - https:\/\/yoast.com\/wordpress\/plugins\/seo\/ -->\n<title>WATC Team | WATC Consulting AG<\/title>\n<meta name=\"description\" content=\"Seit 2004 unterst\u00fctzen das WATC\u00a0Team erfolgreich seine Klienten zum Thema Kundenorientierung in zahlreichen Branchen und L\u00e4ndern.\" \/>\n<meta name=\"robots\" content=\"index, follow, max-snippet:-1, max-image-preview:large, max-video-preview:-1\" \/>\n<link rel=\"canonical\" href=\"https:\/\/whataboutthecustomer.com\/de\/watc-team\/\" \/>\n<meta property=\"og:locale\" content=\"de_DE\" \/>\n<meta property=\"og:type\" content=\"article\" \/>\n<meta property=\"og:title\" content=\"WATC Team | WATC Consulting AG\" \/>\n<meta property=\"og:description\" content=\"Seit 2004 unterst\u00fctzen das WATC\u00a0Team erfolgreich seine Klienten zum Thema Kundenorientierung in zahlreichen Branchen und L\u00e4ndern.\" \/>\n<meta property=\"og:url\" content=\"https:\/\/whataboutthecustomer.com\/de\/watc-team\/\" \/>\n<meta property=\"og:site_name\" content=\"WATC Consulting AG\" \/>\n<meta property=\"article:modified_time\" content=\"2019-12-18T11:58:11+00:00\" \/>\n<meta name=\"twitter:card\" content=\"summary_large_image\" \/>\n<meta name=\"twitter:site\" content=\"@WATC_Consulting\" \/>\n<meta name=\"twitter:label1\" content=\"Gesch\u00e4tzte Lesezeit\" \/>\n\t<meta name=\"twitter:data1\" content=\"1 minute\" \/>\n<script type=\"application\/ld+json\" class=\"yoast-schema-graph\">{\"@context\":\"https:\/\/schema.org\",\"@graph\":[{\"@type\":\"WebPage\",\"@id\":\"https:\/\/whataboutthecustomer.com\/de\/watc-team\/\",\"url\":\"https:\/\/whataboutthecustomer.com\/de\/watc-team\/\",\"name\":\"WATC Team | WATC Consulting AG\",\"isPartOf\":{\"@id\":\"https:\/\/whataboutthecustomer.com\/de\/#website\"},\"datePublished\":\"2019-10-30T20:50:01+00:00\",\"dateModified\":\"2019-12-18T11:58:11+00:00\",\"description\":\"Seit 2004 unterst\u00fctzen das WATC\u00a0Team erfolgreich seine Klienten zum Thema Kundenorientierung in zahlreichen Branchen und L\u00e4ndern.\",\"breadcrumb\":{\"@id\":\"https:\/\/whataboutthecustomer.com\/de\/watc-team\/#breadcrumb\"},\"inLanguage\":\"de-DE\",\"potentialAction\":[{\"@type\":\"ReadAction\",\"target\":[\"https:\/\/whataboutthecustomer.com\/de\/watc-team\/\"]}]},{\"@type\":\"BreadcrumbList\",\"@id\":\"https:\/\/whataboutthecustomer.com\/de\/watc-team\/#breadcrumb\",\"itemListElement\":[{\"@type\":\"ListItem\",\"position\":1,\"name\":\"Home\",\"item\":\"https:\/\/whataboutthecustomer.com\/de\/\"},{\"@type\":\"ListItem\",\"position\":2,\"name\":\"WATC Team\"}]},{\"@type\":\"WebSite\",\"@id\":\"https:\/\/whataboutthecustomer.com\/de\/#website\",\"url\":\"https:\/\/whataboutthecustomer.com\/de\/\",\"name\":\"WATC Consulting AG\",\"description\":\"Customer Centricity Advisors\",\"publisher\":{\"@id\":\"https:\/\/whataboutthecustomer.com\/de\/#organization\"},\"potentialAction\":[{\"@type\":\"SearchAction\",\"target\":{\"@type\":\"EntryPoint\",\"urlTemplate\":\"https:\/\/whataboutthecustomer.com\/de\/?s={search_term_string}\"},\"query-input\":\"required name=search_term_string\"}],\"inLanguage\":\"de-DE\"},{\"@type\":\"Organization\",\"@id\":\"https:\/\/whataboutthecustomer.com\/de\/#organization\",\"name\":\"WATC Consulting AG\",\"url\":\"https:\/\/whataboutthecustomer.com\/de\/\",\"logo\":{\"@type\":\"ImageObject\",\"inLanguage\":\"de-DE\",\"@id\":\"https:\/\/whataboutthecustomer.com\/de\/#\/schema\/logo\/image\/\",\"url\":\"https:\/\/whataboutthecustomer.com\/wp-content\/uploads\/2017\/03\/170316_Logo_Strategy-Consulting-WATC_Customer-centricity_Customer-Management-1.png\",\"contentUrl\":\"https:\/\/whataboutthecustomer.com\/wp-content\/uploads\/2017\/03\/170316_Logo_Strategy-Consulting-WATC_Customer-centricity_Customer-Management-1.png\",\"width\":150,\"height\":48,\"caption\":\"WATC Consulting AG\"},\"image\":{\"@id\":\"https:\/\/whataboutthecustomer.com\/de\/#\/schema\/logo\/image\/\"},\"sameAs\":[\"https:\/\/twitter.com\/WATC_Consulting\",\"https:\/\/www.linkedin.com\/company\/watc-consulting-ag\"]}]}<\/script>\n<!-- \/ Yoast SEO plugin. -->","yoast_head_json":{"title":"WATC Team | WATC Consulting AG","description":"Seit 2004 unterst\u00fctzen das WATC\u00a0Team erfolgreich seine Klienten zum Thema Kundenorientierung in zahlreichen Branchen und L\u00e4ndern.","robots":{"index":"index","follow":"follow","max-snippet":"max-snippet:-1","max-image-preview":"max-image-preview:large","max-video-preview":"max-video-preview:-1"},"canonical":"https:\/\/whataboutthecustomer.com\/de\/watc-team\/","og_locale":"de_DE","og_type":"article","og_title":"WATC Team | WATC Consulting AG","og_description":"Seit 2004 unterst\u00fctzen das WATC\u00a0Team erfolgreich seine Klienten zum Thema Kundenorientierung in zahlreichen Branchen und L\u00e4ndern.","og_url":"https:\/\/whataboutthecustomer.com\/de\/watc-team\/","og_site_name":"WATC Consulting AG","article_modified_time":"2019-12-18T11:58:11+00:00","twitter_card":"summary_large_image","twitter_site":"@WATC_Consulting","twitter_misc":{"Gesch\u00e4tzte Lesezeit":"1 minute"},"schema":{"@context":"https:\/\/schema.org","@graph":[{"@type":"WebPage","@id":"https:\/\/whataboutthecustomer.com\/de\/watc-team\/","url":"https:\/\/whataboutthecustomer.com\/de\/watc-team\/","name":"WATC Team | WATC Consulting AG","isPartOf":{"@id":"https:\/\/whataboutthecustomer.com\/de\/#website"},"datePublished":"2019-10-30T20:50:01+00:00","dateModified":"2019-12-18T11:58:11+00:00","description":"Seit 2004 unterst\u00fctzen das WATC\u00a0Team erfolgreich seine Klienten zum Thema Kundenorientierung in zahlreichen Branchen und L\u00e4ndern.","breadcrumb":{"@id":"https:\/\/whataboutthecustomer.com\/de\/watc-team\/#breadcrumb"},"inLanguage":"de-DE","potentialAction":[{"@type":"ReadAction","target":["https:\/\/whataboutthecustomer.com\/de\/watc-team\/"]}]},{"@type":"BreadcrumbList","@id":"https:\/\/whataboutthecustomer.com\/de\/watc-team\/#breadcrumb","itemListElement":[{"@type":"ListItem","position":1,"name":"Home","item":"https:\/\/whataboutthecustomer.com\/de\/"},{"@type":"ListItem","position":2,"name":"WATC Team"}]},{"@type":"WebSite","@id":"https:\/\/whataboutthecustomer.com\/de\/#website","url":"https:\/\/whataboutthecustomer.com\/de\/","name":"WATC Consulting AG","description":"Customer Centricity Advisors","publisher":{"@id":"https:\/\/whataboutthecustomer.com\/de\/#organization"},"potentialAction":[{"@type":"SearchAction","target":{"@type":"EntryPoint","urlTemplate":"https:\/\/whataboutthecustomer.com\/de\/?s={search_term_string}"},"query-input":"required name=search_term_string"}],"inLanguage":"de-DE"},{"@type":"Organization","@id":"https:\/\/whataboutthecustomer.com\/de\/#organization","name":"WATC Consulting AG","url":"https:\/\/whataboutthecustomer.com\/de\/","logo":{"@type":"ImageObject","inLanguage":"de-DE","@id":"https:\/\/whataboutthecustomer.com\/de\/#\/schema\/logo\/image\/","url":"https:\/\/whataboutthecustomer.com\/wp-content\/uploads\/2017\/03\/170316_Logo_Strategy-Consulting-WATC_Customer-centricity_Customer-Management-1.png","contentUrl":"https:\/\/whataboutthecustomer.com\/wp-content\/uploads\/2017\/03\/170316_Logo_Strategy-Consulting-WATC_Customer-centricity_Customer-Management-1.png","width":150,"height":48,"caption":"WATC Consulting AG"},"image":{"@id":"https:\/\/whataboutthecustomer.com\/de\/#\/schema\/logo\/image\/"},"sameAs":["https:\/\/twitter.com\/WATC_Consulting","https:\/\/www.linkedin.com\/company\/watc-consulting-ag"]}]}},"_links":{"self":[{"href":"https:\/\/whataboutthecustomer.com\/de\/wp-json\/wp\/v2\/pages\/4667"}],"collection":[{"href":"https:\/\/whataboutthecustomer.com\/de\/wp-json\/wp\/v2\/pages"}],"about":[{"href":"https:\/\/whataboutthecustomer.com\/de\/wp-json\/wp\/v2\/types\/page"}],"author":[{"embeddable":true,"href":"https:\/\/whataboutthecustomer.com\/de\/wp-json\/wp\/v2\/users\/1"}],"replies":[{"embeddable":true,"href":"https:\/\/whataboutthecustomer.com\/de\/wp-json\/wp\/v2\/comments?post=4667"}],"version-history":[{"count":8,"href":"https:\/\/whataboutthecustomer.com\/de\/wp-json\/wp\/v2\/pages\/4667\/revisions"}],"predecessor-version":[{"id":4737,"href":"https:\/\/whataboutthecustomer.com\/de\/wp-json\/wp\/v2\/pages\/4667\/revisions\/4737"}],"wp:attachment":[{"href":"https:\/\/whataboutthecustomer.com\/de\/wp-json\/wp\/v2\/media?parent=4667"}],"curies":[{"name":"wp","href":"https:\/\/api.w.org\/{rel}","templated":true}]}}